{"id":2872,"date":"2015-07-31T17:39:35","date_gmt":"2015-07-31T15:39:35","guid":{"rendered":"http:\/\/www.hps-gmbh.com\/en\/?page_id=2872"},"modified":"2021-09-16T15:05:05","modified_gmt":"2021-09-16T13:05:05","slug":"hps-germany","status":"publish","type":"page","link":"https:\/\/www.hps-gmbh.com\/en\/contact\/hps-germany\/","title":{"rendered":"HPS Germany"},"content":{"rendered":"<section class=\"wpb-content-wrapper\"><p>[vc_row][vc_column][vc_row_inner][vc_column_inner][vc_column_text el_class=&#8221;orange_h2&#8243;]<\/p>\n<h3>High Performance Space Structure Systems GmbH<\/h3>\n<p>[\/vc_column_text][\/vc_column_inner][\/vc_row_inner][vc_row_inner][vc_column_inner width=&#8221;1\/3&#8243;][vc_column_text]<strong>Head office:<\/strong><\/p>\n<p>HPS GmbH<br \/>\nHofmannstr. 25-27<br \/>\n81379 M\u00fcnchen<br \/>\nGermany<\/p>\n<p>Telefon: +49 (0)89 452 0576 &#8211; 0<br \/>\nFax: +49 (0)89 452 0576 &#8211; 99<\/p>\n<p>Email: contact@hps-gmbh.com[\/vc_column_text][vc_column_text]<strong>Managing director:<\/strong><br \/>\nDr.-Ing. Ernst K. Pfeiffer<br \/>\n<span class=\"s1\">Dipl.-Ing. Peter Rauhut<\/span>[\/vc_column_text][vc_btn title=&#8221;How to reach HPS &#8211; Download PDF&#8221; style=&#8221;flat&#8221; shape=&#8221;square&#8221; color=&#8221;warning&#8221; link=&#8221;url:http%3A%2F%2Fwww.hps-gmbh.com%2Fwp-content%2Fuploads%2F2015%2F06%2FHow-to-reach-HPS-GmbH1.pdf||target:%20_blank&#8221;][\/vc_column_inner][vc_column_inner width=&#8221;2\/3&#8243;][vc_gmaps link=&#8221;#E-8_JTNDaWZyYW1lJTIwc3JjJTNEJTIyaHR0cHMlM0ElMkYlMkZ3d3cuZ29vZ2xlLmNvbSUyRm1hcHMlMkZlbWJlZCUzRnBiJTNEJTIxMW0xOCUyMTFtMTIlMjExbTMlMjExZDI2NjQuNTkzMjc5MDI4NDYzNyUyMTJkMTEuNTI4ODczOTk5OTk5OTk3JTIxM2Q0OC4wOTg3ODk5OTk5OTk5OCUyMTJtMyUyMTFmMCUyMTJmMCUyMTNmMCUyMTNtMiUyMTFpMTAyNCUyMTJpNzY4JTIxNGYxMy4xJTIxM20zJTIxMW0yJTIxMXMweDQ3OWRkOTJhN2E0OWRhOWYlMjUzQTB4NjVmMzMyODM2OWFkNmJlMiUyMTJzSFBTJTJCR21iSCUyMTVlMCUyMTNtMiUyMTFzZGUlMjEyc2RlJTIxNHYxNDM1NDUzNjE1NTI3JTIyJTIwd2lkdGglM0QlMjIxMDAlMjUlMjIlMjBoZWlnaHQlM0QlMjI2MDAlMjIlMjBmcmFtZWJvcmRlciUzRCUyMjAlMjIlMjBzdHlsZSUzRCUyMmJvcmRlciUzQTAlMjIlMjBhbGxvd2Z1bGxzY3JlZW4lM0UlM0MlMkZpZnJhbWUlM0U=&#8221;][\/vc_column_inner][\/vc_row_inner][vc_row_inner css=&#8221;.vc_custom_1435508678076{margin-bottom: 20px !important;}&#8221;][vc_column_inner css=&#8221;.vc_custom_1435508750660{margin-top: 20px !important;}&#8221;][vc_column_text]<\/p>\n<h3>How to reach us<\/h3>\n<p>[\/vc_column_text][\/vc_column_inner][\/vc_row_inner][vc_row_inner][vc_column_inner width=&#8221;2\/3&#8243;][vc_column_text]<strong>By car<\/strong><\/p>\n<p>1. From the autobahn change onto the \u201cMittlerer Ring West\u201d (Middle Ring West, see map, right: black ring) towards A95, Garmisch-Partenkirchen Detailed directions (image below):<\/p>\n<p>2. Take the Obersendling\/Passauerstra\u00dfe exit and follow Passauerstra\u00dfe which becomes Hofmannstra\u00dfe<\/p>\n<p>3. Continue on Hofmannstra\u00dfe past the intersection at Boschetsrieder Stra\u00dfe. HPS will be the white building (photo bottom left) on your left at Hofmannstra\u00dfe 25-27.[\/vc_column_text][vc_column_text]<strong>By public transport<\/strong><\/p>\n<p>1. From the Airport (Flughafen): Take S1 or S8 and exit at the stop \u201eMarienplatz\u201c. From the Central Station (Hauptbahnhof): Take any S-Bahn heading to Munich East (Ostbahnhof). Change at the stop \u201eMarienplatz\u201c.<\/p>\n<p>2. At \u201eMarienplatz\u201c change to the U3, direction \u201eF\u00fcrstenried West\u201c.<\/p>\n<p>3. Exit at the stop \u201eAidenbachstra\u00dfe\u201c.<\/p>\n<p>4. Take the station&#8217;s rear exit towards \u201eHofmannstra\u00dfe\u201c. Continue by foot on Gmunder Stra\u00dfe and turn left at the first traffic light. HPS is 200m ahead on the right.[\/vc_column_text][\/vc_column_inner][vc_column_inner width=&#8221;1\/3&#8243;][vc_single_image image=&#8221;1351&#8243; img_size=&#8221;full&#8221;][\/vc_column_inner][\/vc_row_inner][vc_row_inner][vc_column_inner width=&#8221;1\/3&#8243;][vc_single_image image=&#8221;1353&#8243; img_size=&#8221;full&#8221;][\/vc_column_inner][vc_column_inner width=&#8221;1\/3&#8243;][vc_single_image image=&#8221;1354&#8243; img_size=&#8221;full&#8221;][\/vc_column_inner][vc_column_inner width=&#8221;1\/3&#8243;][vc_single_image image=&#8221;1352&#8243; img_size=&#8221;full&#8221;][\/vc_column_inner][\/vc_row_inner][\/vc_column][\/vc_row]<\/p>\n<\/section>","protected":false},"excerpt":{"rendered":"<p>[vc_row][vc_column][vc_row_inner][vc_column_inner][vc_column_text el_class=&#8221;orange_h2&#8243;] High Performance Space Structure Systems GmbH [\/vc_column_text][\/vc_column_inner][\/vc_row_inner][vc_row_inner][vc_column_inner width=&#8221;1\/3&#8243;][vc_column_text]Head office: HPS GmbH Hofmannstr. 25-27 81379 M\u00fcnchen Germany Telefon: +49 (0)89 452 0576 &#8211; 0 Fax: +49 (0)89 452 0576 &#8211; 99 Email: contact@hps-gmbh.com[\/vc_column_text][vc_column_text]Managing director: Dr.-Ing. Ernst K. Pfeiffer Dipl.-Ing. Peter Rauhut[\/vc_column_text][vc_btn title=&#8221;How to reach HPS &#8211; Download PDF&#8221; style=&#8221;flat&#8221; shape=&#8221;square&#8221; color=&#8221;warning&#8221; link=&#8221;url:http%3A%2F%2Fwww.hps-gmbh.com%2Fwp-content%2Fuploads%2F2015%2F06%2FHow-to-reach-HPS-GmbH1.pdf||target:%20_blank&#8221;][\/vc_column_inner][vc_column_inner width=&#8221;2\/3&#8243;][vc_gmaps link=&#8221;#E-8_JTNDaWZyYW1lJTIwc3JjJTNEJTIyaHR0cHMlM0ElMkYlMkZ3d3cuZ29vZ2xlLmNvbSUyRm1hcHMlMkZlbWJlZCUzRnBiJTNEJTIxMW0xOCUyMTFtMTIlMjExbTMlMjExZDI2NjQuNTkzMjc5MDI4NDYzNyUyMTJkMTEuNTI4ODczOTk5OTk5OTk3JTIxM2Q0OC4wOTg3ODk5OTk5OTk5OCUyMTJtMyUyMTFmMCUyMTJmMCUyMTNmMCUyMTNtMiUyMTFpMTAyNCUyMTJpNzY4JTIxNGYxMy4xJTIxM20zJTIxMW0yJTIxMXMweDQ3OWRkOTJhN2E0OWRhOWYlMjUzQTB4NjVmMzMyODM2OWFkNmJlMiUyMTJzSFBTJTJCR21iSCUyMTVlMCUyMTNtMiUyMTFzZGUlMjEyc2RlJTIxNHYxNDM1NDUzNjE1NTI3JTIyJTIwd2lkdGglM0QlMjIxMDAlMjUlMjIlMjBoZWlnaHQlM0QlMjI2MDAlMjIlMjBmcmFtZWJvcmRlciUzRCUyMjAlMjIlMjBzdHlsZSUzRCUyMmJvcmRlciUzQTAlMjIlMjBhbGxvd2Z1bGxzY3JlZW4lM0UlM0MlMkZpZnJhbWUlM0U=&#8221;][\/vc_column_inner][\/vc_row_inner][vc_row_inner [&hellip;]<\/p>\n","protected":false},"author":1,"featured_media":0,"parent":2606,"menu_order":0,"comment_status":"open","ping_status":"closed","template":"","meta":[],"acf":[],"yoast_head":"<!-- This site is optimized with the Yoast SEO plugin v20.5 - https:\/\/yoast.com\/wordpress\/plugins\/seo\/ -->\n<title>HPS Germany - HPS GmbH \u2013 The Team to Trust<\/title>\n<meta name=\"robots\" content=\"index, follow, max-snippet:-1, max-image-preview:large, max-video-preview:-1\" \/>\n<link rel=\"canonical\" href=\"https:\/\/www.hps-gmbh.com\/en\/contact\/hps-germany\/\" \/>\n<meta property=\"og:locale\" content=\"en_US\" \/>\n<meta property=\"og:type\" content=\"article\" \/>\n<meta property=\"og:title\" content=\"HPS Germany - HPS GmbH \u2013 The Team to Trust\" \/>\n<meta property=\"og:description\" content=\"[vc_row][vc_column][vc_row_inner][vc_column_inner][vc_column_text el_class=&#8221;orange_h2&#8243;] High Performance Space Structure Systems GmbH [\/vc_column_text][\/vc_column_inner][\/vc_row_inner][vc_row_inner][vc_column_inner width=&#8221;1\/3&#8243;][vc_column_text]Head office: HPS GmbH Hofmannstr. 25-27 81379 M\u00fcnchen Germany Telefon: +49 (0)89 452 0576 &#8211; 0 Fax: +49 (0)89 452 0576 &#8211; 99 Email: contact@hps-gmbh.com[\/vc_column_text][vc_column_text]Managing director: Dr.-Ing. Ernst K. Pfeiffer Dipl.-Ing. Peter Rauhut[\/vc_column_text][vc_btn title=&#8221;How to reach HPS &#8211; Download PDF&#8221; style=&#8221;flat&#8221; shape=&#8221;square&#8221; color=&#8221;warning&#8221; link=&#8221;url:http%3A%2F%2Fwww.hps-gmbh.com%2Fwp-content%2Fuploads%2F2015%2F06%2FHow-to-reach-HPS-GmbH1.pdf||target:%20_blank&#8221;][\/vc_column_inner][vc_column_inner width=&#8221;2\/3&#8243;][vc_gmaps link=&#8221;#E-8_JTNDaWZyYW1lJTIwc3JjJTNEJTIyaHR0cHMlM0ElMkYlMkZ3d3cuZ29vZ2xlLmNvbSUyRm1hcHMlMkZlbWJlZCUzRnBiJTNEJTIxMW0xOCUyMTFtMTIlMjExbTMlMjExZDI2NjQuNTkzMjc5MDI4NDYzNyUyMTJkMTEuNTI4ODczOTk5OTk5OTk3JTIxM2Q0OC4wOTg3ODk5OTk5OTk5OCUyMTJtMyUyMTFmMCUyMTJmMCUyMTNmMCUyMTNtMiUyMTFpMTAyNCUyMTJpNzY4JTIxNGYxMy4xJTIxM20zJTIxMW0yJTIxMXMweDQ3OWRkOTJhN2E0OWRhOWYlMjUzQTB4NjVmMzMyODM2OWFkNmJlMiUyMTJzSFBTJTJCR21iSCUyMTVlMCUyMTNtMiUyMTFzZGUlMjEyc2RlJTIxNHYxNDM1NDUzNjE1NTI3JTIyJTIwd2lkdGglM0QlMjIxMDAlMjUlMjIlMjBoZWlnaHQlM0QlMjI2MDAlMjIlMjBmcmFtZWJvcmRlciUzRCUyMjAlMjIlMjBzdHlsZSUzRCUyMmJvcmRlciUzQTAlMjIlMjBhbGxvd2Z1bGxzY3JlZW4lM0UlM0MlMkZpZnJhbWUlM0U=&#8221;][\/vc_column_inner][\/vc_row_inner][vc_row_inner [&hellip;]\" \/>\n<meta property=\"og:url\" content=\"https:\/\/www.hps-gmbh.com\/en\/contact\/hps-germany\/\" \/>\n<meta property=\"og:site_name\" content=\"HPS GmbH \u2013 The Team to Trust\" \/>\n<meta property=\"article:modified_time\" content=\"2021-09-16T13:05:05+00:00\" \/>\n<meta name=\"twitter:card\" content=\"summary_large_image\" \/>\n<meta name=\"twitter:label1\" content=\"Est. reading time\" \/>\n\t<meta name=\"twitter:data1\" content=\"2 minutes\" \/>\n<script type=\"application\/ld+json\" class=\"yoast-schema-graph\">{\"@context\":\"https:\/\/schema.org\",\"@graph\":[{\"@type\":\"WebPage\",\"@id\":\"https:\/\/www.hps-gmbh.com\/en\/contact\/hps-germany\/\",\"url\":\"https:\/\/www.hps-gmbh.com\/en\/contact\/hps-germany\/\",\"name\":\"HPS Germany - HPS GmbH \u2013 The Team to Trust\",\"isPartOf\":{\"@id\":\"https:\/\/www.hps-gmbh.com\/#website\"},\"datePublished\":\"2015-07-31T15:39:35+00:00\",\"dateModified\":\"2021-09-16T13:05:05+00:00\",\"breadcrumb\":{\"@id\":\"https:\/\/www.hps-gmbh.com\/en\/contact\/hps-germany\/#breadcrumb\"},\"inLanguage\":\"en-US\",\"potentialAction\":[{\"@type\":\"ReadAction\",\"target\":[\"https:\/\/www.hps-gmbh.com\/en\/contact\/hps-germany\/\"]}]},{\"@type\":\"BreadcrumbList\",\"@id\":\"https:\/\/www.hps-gmbh.com\/en\/contact\/hps-germany\/#breadcrumb\",\"itemListElement\":[{\"@type\":\"ListItem\",\"position\":1,\"name\":\"Home\",\"item\":\"https:\/\/www.hps-gmbh.com\/en\/\"},{\"@type\":\"ListItem\",\"position\":2,\"name\":\"Contact\",\"item\":\"https:\/\/www.hps-gmbh.com\/en\/contact\/\"},{\"@type\":\"ListItem\",\"position\":3,\"name\":\"HPS Germany\"}]},{\"@type\":\"WebSite\",\"@id\":\"https:\/\/www.hps-gmbh.com\/#website\",\"url\":\"https:\/\/www.hps-gmbh.com\/\",\"name\":\"HPS GmbH \u2013 The Team to Trust\",\"description\":\"Reflector Antennas, Multi-Layer Insulation, Lightweight Structures, Deployable Structures\",\"potentialAction\":[{\"@type\":\"SearchAction\",\"target\":{\"@type\":\"EntryPoint\",\"urlTemplate\":\"https:\/\/www.hps-gmbh.com\/?s={search_term_string}\"},\"query-input\":\"required name=search_term_string\"}],\"inLanguage\":\"en-US\"}]}<\/script>\n<!-- \/ Yoast SEO plugin. -->","yoast_head_json":{"title":"HPS Germany - HPS GmbH \u2013 The Team to Trust","robots":{"index":"index","follow":"follow","max-snippet":"max-snippet:-1","max-image-preview":"max-image-preview:large","max-video-preview":"max-video-preview:-1"},"canonical":"https:\/\/www.hps-gmbh.com\/en\/contact\/hps-germany\/","og_locale":"en_US","og_type":"article","og_title":"HPS Germany - HPS GmbH \u2013 The Team to Trust","og_description":"[vc_row][vc_column][vc_row_inner][vc_column_inner][vc_column_text el_class=&#8221;orange_h2&#8243;] High Performance Space Structure Systems GmbH [\/vc_column_text][\/vc_column_inner][\/vc_row_inner][vc_row_inner][vc_column_inner width=&#8221;1\/3&#8243;][vc_column_text]Head office: HPS GmbH Hofmannstr. 25-27 81379 M\u00fcnchen Germany Telefon: +49 (0)89 452 0576 &#8211; 0 Fax: +49 (0)89 452 0576 &#8211; 99 Email: contact@hps-gmbh.com[\/vc_column_text][vc_column_text]Managing director: Dr.-Ing. Ernst K. Pfeiffer Dipl.-Ing. Peter Rauhut[\/vc_column_text][vc_btn title=&#8221;How to reach HPS &#8211; Download PDF&#8221; style=&#8221;flat&#8221; shape=&#8221;square&#8221; color=&#8221;warning&#8221; link=&#8221;url:http%3A%2F%2Fwww.hps-gmbh.com%2Fwp-content%2Fuploads%2F2015%2F06%2FHow-to-reach-HPS-GmbH1.pdf||target:%20_blank&#8221;][\/vc_column_inner][vc_column_inner width=&#8221;2\/3&#8243;][vc_gmaps link=&#8221;#E-8_JTNDaWZyYW1lJTIwc3JjJTNEJTIyaHR0cHMlM0ElMkYlMkZ3d3cuZ29vZ2xlLmNvbSUyRm1hcHMlMkZlbWJlZCUzRnBiJTNEJTIxMW0xOCUyMTFtMTIlMjExbTMlMjExZDI2NjQuNTkzMjc5MDI4NDYzNyUyMTJkMTEuNTI4ODczOTk5OTk5OTk3JTIxM2Q0OC4wOTg3ODk5OTk5OTk5OCUyMTJtMyUyMTFmMCUyMTJmMCUyMTNmMCUyMTNtMiUyMTFpMTAyNCUyMTJpNzY4JTIxNGYxMy4xJTIxM20zJTIxMW0yJTIxMXMweDQ3OWRkOTJhN2E0OWRhOWYlMjUzQTB4NjVmMzMyODM2OWFkNmJlMiUyMTJzSFBTJTJCR21iSCUyMTVlMCUyMTNtMiUyMTFzZGUlMjEyc2RlJTIxNHYxNDM1NDUzNjE1NTI3JTIyJTIwd2lkdGglM0QlMjIxMDAlMjUlMjIlMjBoZWlnaHQlM0QlMjI2MDAlMjIlMjBmcmFtZWJvcmRlciUzRCUyMjAlMjIlMjBzdHlsZSUzRCUyMmJvcmRlciUzQTAlMjIlMjBhbGxvd2Z1bGxzY3JlZW4lM0UlM0MlMkZpZnJhbWUlM0U=&#8221;][\/vc_column_inner][\/vc_row_inner][vc_row_inner [&hellip;]","og_url":"https:\/\/www.hps-gmbh.com\/en\/contact\/hps-germany\/","og_site_name":"HPS GmbH \u2013 The Team to Trust","article_modified_time":"2021-09-16T13:05:05+00:00","twitter_card":"summary_large_image","twitter_misc":{"Est. reading time":"2 minutes"},"schema":{"@context":"https:\/\/schema.org","@graph":[{"@type":"WebPage","@id":"https:\/\/www.hps-gmbh.com\/en\/contact\/hps-germany\/","url":"https:\/\/www.hps-gmbh.com\/en\/contact\/hps-germany\/","name":"HPS Germany - HPS GmbH \u2013 The Team to Trust","isPartOf":{"@id":"https:\/\/www.hps-gmbh.com\/#website"},"datePublished":"2015-07-31T15:39:35+00:00","dateModified":"2021-09-16T13:05:05+00:00","breadcrumb":{"@id":"https:\/\/www.hps-gmbh.com\/en\/contact\/hps-germany\/#breadcrumb"},"inLanguage":"en-US","potentialAction":[{"@type":"ReadAction","target":["https:\/\/www.hps-gmbh.com\/en\/contact\/hps-germany\/"]}]},{"@type":"BreadcrumbList","@id":"https:\/\/www.hps-gmbh.com\/en\/contact\/hps-germany\/#breadcrumb","itemListElement":[{"@type":"ListItem","position":1,"name":"Home","item":"https:\/\/www.hps-gmbh.com\/en\/"},{"@type":"ListItem","position":2,"name":"Contact","item":"https:\/\/www.hps-gmbh.com\/en\/contact\/"},{"@type":"ListItem","position":3,"name":"HPS Germany"}]},{"@type":"WebSite","@id":"https:\/\/www.hps-gmbh.com\/#website","url":"https:\/\/www.hps-gmbh.com\/","name":"HPS GmbH \u2013 The Team to Trust","description":"Reflector Antennas, Multi-Layer Insulation, Lightweight Structures, Deployable Structures","potentialAction":[{"@type":"SearchAction","target":{"@type":"EntryPoint","urlTemplate":"https:\/\/www.hps-gmbh.com\/?s={search_term_string}"},"query-input":"required name=search_term_string"}],"inLanguage":"en-US"}]}},"_links":{"self":[{"href":"https:\/\/www.hps-gmbh.com\/en\/wp-json\/wp\/v2\/pages\/2872"}],"collection":[{"href":"https:\/\/www.hps-gmbh.com\/en\/wp-json\/wp\/v2\/pages"}],"about":[{"href":"https:\/\/www.hps-gmbh.com\/en\/wp-json\/wp\/v2\/types\/page"}],"author":[{"embeddable":true,"href":"https:\/\/www.hps-gmbh.com\/en\/wp-json\/wp\/v2\/users\/1"}],"replies":[{"embeddable":true,"href":"https:\/\/www.hps-gmbh.com\/en\/wp-json\/wp\/v2\/comments?post=2872"}],"version-history":[{"count":4,"href":"https:\/\/www.hps-gmbh.com\/en\/wp-json\/wp\/v2\/pages\/2872\/revisions"}],"predecessor-version":[{"id":5832,"href":"https:\/\/www.hps-gmbh.com\/en\/wp-json\/wp\/v2\/pages\/2872\/revisions\/5832"}],"up":[{"embeddable":true,"href":"https:\/\/www.hps-gmbh.com\/en\/wp-json\/wp\/v2\/pages\/2606"}],"wp:attachment":[{"href":"https:\/\/www.hps-gmbh.com\/en\/wp-json\/wp\/v2\/media?parent=2872"}],"curies":[{"name":"wp","href":"https:\/\/api.w.org\/{rel}","templated":true}]}}